{"id":39,"date":"2021-11-23T00:29:55","date_gmt":"2021-11-23T00:29:55","guid":{"rendered":"http:\/\/paoolis.com\/?page_id=39"},"modified":"2021-11-23T00:29:55","modified_gmt":"2021-11-23T00:29:55","slug":"examen-de-la-vista","status":"publish","type":"page","link":"https:\/\/paoolis.com\/?page_id=39","title":{"rendered":"Examen de la vista"},"content":{"rendered":"","protected":false},"excerpt":{"rendered":"","protected":false},"author":1,"featured_media":0,"parent":0,"menu_order":0,"comment_status":"closed","ping_status":"closed","template":"","meta":{"om_disable_all_campaigns":false,"_monsterinsights_skip_tracking":false,"_monsterinsights_sitenote_active":false,"_monsterinsights_sitenote_note":"","_monsterinsights_sitenote_category":0,"spay_email":"","footnotes":""},"class_list":["post-39","page","type-page","status-publish","hentry"],"jetpack-related-posts":[{"id":68,"url":"https:\/\/paoolis.com\/","url_meta":{"origin":39,"position":0},"title":"Nuevos productos \u00a0 Examen de\u2026","date":"23 de November de 2021","format":false,"excerpt":"Nuevos productos \u00a0 Examen de la vista Servicios","rel":"","context":"Similar post","img":{"alt_text":"","src":"https:\/\/i1.wp.com\/paoolis.com\/wp-content\/uploads\/2021\/11\/Optometrists-in-Mauritius.jpg?resize=350%2C200&ssl=1","width":350,"height":200},"classes":[]},{"id":2,"url":"https:\/\/paoolis.com\/?page_id=2","url_meta":{"origin":39,"position":1},"title":"P\u00e1gina de ejemplo","date":"10 de November de 2021","format":false,"excerpt":"Esta es una p\u00e1gina de ejemplo. Es diferente a una entrada del blog porque permanecer\u00e1 en un solo lugar y aparecer\u00e1 en la navegaci\u00f3n de tu sitio (en la mayor\u00eda de los temas). La mayor\u00eda de las personas comienzan con una p\u00e1gina \u00abAcerca de\u00bb que les presenta a los visitantes\u2026","rel":"","context":"Similar post","img":{"alt_text":"","src":"","width":0,"height":0},"classes":[]},{"id":38,"url":"https:\/\/paoolis.com\/?page_id=38","url_meta":{"origin":39,"position":2},"title":"Lentes de contacto","date":"23 de November de 2021","format":false,"excerpt":"","rel":"","context":"Similar post","img":{"alt_text":"","src":"","width":0,"height":0},"classes":[]},{"id":32,"url":"https:\/\/paoolis.com\/?page_id=32","url_meta":{"origin":39,"position":3},"title":"Home","date":"23 de November de 2021","format":false,"excerpt":"Armazones de pasta Armazones metalicos Lentes de contacto","rel":"","context":"Similar post","img":{"alt_text":"","src":"https:\/\/i2.wp.com\/paoolis.com\/wp-content\/uploads\/2021\/11\/cb2a8e3561e7373ecb216a1482498396.jpg?resize=350%2C200","width":350,"height":200},"classes":[]}],"_links":{"self":[{"href":"https:\/\/paoolis.com\/index.php?rest_route=\/wp\/v2\/pages\/39","targetHints":{"allow":["GET"]}}],"collection":[{"href":"https:\/\/paoolis.com\/index.php?rest_route=\/wp\/v2\/pages"}],"about":[{"href":"https:\/\/paoolis.com\/index.php?rest_route=\/wp\/v2\/types\/page"}],"author":[{"embeddable":true,"href":"https:\/\/paoolis.com\/index.php?rest_route=\/wp\/v2\/users\/1"}],"replies":[{"embeddable":true,"href":"https:\/\/paoolis.com\/index.php?rest_route=%2Fwp%2Fv2%2Fcomments&post=39"}],"version-history":[{"count":1,"href":"https:\/\/paoolis.com\/index.php?rest_route=\/wp\/v2\/pages\/39\/revisions"}],"predecessor-version":[{"id":43,"href":"https:\/\/paoolis.com\/index.php?rest_route=\/wp\/v2\/pages\/39\/revisions\/43"}],"wp:attachment":[{"href":"https:\/\/paoolis.com\/index.php?rest_route=%2Fwp%2Fv2%2Fmedia&parent=39"}],"curies":[{"name":"wp","href":"https:\/\/api.w.org\/{rel}","templated":true}]}}