{"id":68,"date":"2021-11-23T05:25:09","date_gmt":"2021-11-23T05:25:09","guid":{"rendered":"http:\/\/paoolis.com\/?page_id=68"},"modified":"2021-11-23T06:10:17","modified_gmt":"2021-11-23T06:10:17","slug":"pagina-de-inicio","status":"publish","type":"page","link":"https:\/\/paoolis.com\/","title":{"rendered":""},"content":{"rendered":"\n<figure class=\"wp-block-image alignfull\"><img loading=\"lazy\" decoding=\"async\" width=\"819\" height=\"361\" src=\"https:\/\/i1.wp.com\/paoolis.com\/wp-content\/uploads\/2021\/11\/Optometrists-in-Mauritius.jpg?resize=819%2C361&#038;ssl=1\" alt=\"\" class=\"wp-image-28\" srcset=\"https:\/\/i1.wp.com\/paoolis.com\/wp-content\/uploads\/2021\/11\/Optometrists-in-Mauritius.jpg?w=1160&amp;ssl=1 1160w, https:\/\/i1.wp.com\/paoolis.com\/wp-content\/uploads\/2021\/11\/Optometrists-in-Mauritius.jpg?resize=300%2C132&amp;ssl=1 300w, https:\/\/i1.wp.com\/paoolis.com\/wp-content\/uploads\/2021\/11\/Optometrists-in-Mauritius.jpg?resize=1024%2C452&amp;ssl=1 1024w, https:\/\/i1.wp.com\/paoolis.com\/wp-content\/uploads\/2021\/11\/Optometrists-in-Mauritius.jpg?resize=768%2C339&amp;ssl=1 768w, https:\/\/i1.wp.com\/paoolis.com\/wp-content\/uploads\/2021\/11\/Optometrists-in-Mauritius.jpg?resize=600%2C265&amp;ssl=1 600w\" sizes=\"auto, (max-width: 819px) 100vw, 819px\" data-recalc-dims=\"1\" \/><\/figure>\n\n\n\n<h2 class=\"has-text-align-center wp-block-heading\">Nuevos productos<\/h2>\n\n\n<div data-block-name=\"woocommerce\/product-new\" class=\"wc-block-grid wp-block-product-new wc-block-product-new has-3-columns has-multiple-rows\"><ul class=\"wc-block-grid__products\"><li class=\"wc-block-grid__product\">\n\t\t\t\t<a href=\"https:\/\/paoolis.com\/?product=blue-magic\" class=\"wc-block-grid__product-link\">\n\t\t\t\t\t<div class=\"wc-block-grid__product-image\"><img loading=\"lazy\" decoding=\"async\" width=\"300\" height=\"300\" src=\"https:\/\/i2.wp.com\/paoolis.com\/wp-content\/uploads\/2021\/11\/WhatsApp-Image-2021-11-22-at-5.21.10-PM.jpeg?resize=300%2C300&amp;ssl=1\" class=\"attachment-woocommerce_thumbnail size-woocommerce_thumbnail\" alt=\"Armazon Blue Magic x450\" srcset=\"https:\/\/i2.wp.com\/paoolis.com\/wp-content\/uploads\/2021\/11\/WhatsApp-Image-2021-11-22-at-5.21.10-PM.jpeg?w=1280&amp;ssl=1 1280w, https:\/\/i2.wp.com\/paoolis.com\/wp-content\/uploads\/2021\/11\/WhatsApp-Image-2021-11-22-at-5.21.10-PM.jpeg?resize=300%2C300&amp;ssl=1 300w, https:\/\/i2.wp.com\/paoolis.com\/wp-content\/uploads\/2021\/11\/WhatsApp-Image-2021-11-22-at-5.21.10-PM.jpeg?resize=1024%2C1024&amp;ssl=1 1024w, https:\/\/i2.wp.com\/paoolis.com\/wp-content\/uploads\/2021\/11\/WhatsApp-Image-2021-11-22-at-5.21.10-PM.jpeg?resize=150%2C150&amp;ssl=1 150w, https:\/\/i2.wp.com\/paoolis.com\/wp-content\/uploads\/2021\/11\/WhatsApp-Image-2021-11-22-at-5.21.10-PM.jpeg?resize=768%2C768&amp;ssl=1 768w, https:\/\/i2.wp.com\/paoolis.com\/wp-content\/uploads\/2021\/11\/WhatsApp-Image-2021-11-22-at-5.21.10-PM.jpeg?resize=500%2C500&amp;ssl=1 500w, https:\/\/i2.wp.com\/paoolis.com\/wp-content\/uploads\/2021\/11\/WhatsApp-Image-2021-11-22-at-5.21.10-PM.jpeg?resize=600%2C600&amp;ssl=1 600w, https:\/\/i2.wp.com\/paoolis.com\/wp-content\/uploads\/2021\/11\/WhatsApp-Image-2021-11-22-at-5.21.10-PM.jpeg?resize=100%2C100&amp;ssl=1 100w\" sizes=\"auto, (max-width: 300px) 100vw, 300px\" \/><\/div>\n\t\t\t\t\t<div class=\"wc-block-grid__product-title\">Blue Magic<\/div>\n\t\t\t\t<\/a>\n\t\t\t\t<div class=\"wc-block-grid__product-onsale\">\n\t\t\t<span aria-hidden=\"true\">Sale<\/span>\n\t\t\t<span class=\"screen-reader-text\">Product on sale<\/span>\n\t\t<\/div>\n\t\t\t\t<div class=\"wc-block-grid__product-price price\"><del aria-hidden=\"true\"><span class=\"woocommerce-Price-amount amount\"><span class=\"woocommerce-Price-currencySymbol\">&#036;<\/span>1,050.00<\/span><\/del> <ins><span class=\"woocommerce-Price-amount amount\"><span class=\"woocommerce-Price-currencySymbol\">&#036;<\/span>850.00<\/span><\/ins><\/div>\n\t\t\t\t\n\t\t\t\t<div class=\"wp-block-button wc-block-grid__product-add-to-cart\"><a href=\"?add-to-cart=22\" aria-label=\"Add &ldquo;Blue Magic&rdquo; to your cart\" data-quantity=\"1\" data-product_id=\"22\" data-product_sku=\"klji1236\" rel=\"nofollow\" class=\"wp-block-button__link add_to_cart_button ajax_add_to_cart\">Add to cart<\/a><\/div>\n\t\t\t<\/li><\/ul><\/div>\n\n<div class=\"wp-block-media-text alignwide has-media-on-the-right\">\n<figure class=\"wp-block-media-text__media\"><\/figure>\n<div class=\"wp-block-media-text__content\">\u00a0<\/div>\n<\/div>\n\n\n<div class=\"wp-block-media-text alignwide is-stacked-on-mobile\"><figure class=\"wp-block-media-text__media\"><img loading=\"lazy\" decoding=\"async\" width=\"600\" height=\"400\" src=\"https:\/\/i2.wp.com\/paoolis.com\/wp-content\/uploads\/2021\/11\/istock-497543783_VisiqueBlogThumbnail.jpg?resize=600%2C400&#038;ssl=1\" alt=\"\" class=\"wp-image-84 size-full\" srcset=\"https:\/\/i2.wp.com\/paoolis.com\/wp-content\/uploads\/2021\/11\/istock-497543783_VisiqueBlogThumbnail.jpg?w=600&amp;ssl=1 600w, https:\/\/i2.wp.com\/paoolis.com\/wp-content\/uploads\/2021\/11\/istock-497543783_VisiqueBlogThumbnail.jpg?resize=300%2C200&amp;ssl=1 300w\" sizes=\"auto, (max-width: 600px) 100vw, 600px\" data-recalc-dims=\"1\" \/><\/figure><div class=\"wp-block-media-text__content\">\n<p class=\"has-large-font-size\">Examen de la vista<\/p>\n<\/div><\/div>\n\n\n\n<div class=\"wp-block-media-text alignwide has-media-on-the-right is-stacked-on-mobile\"><figure class=\"wp-block-media-text__media\"><img loading=\"lazy\" decoding=\"async\" width=\"819\" height=\"546\" src=\"https:\/\/i0.wp.com\/paoolis.com\/wp-content\/uploads\/2021\/11\/refraccion-ocular.jpg?resize=819%2C546&#038;ssl=1\" alt=\"\" class=\"wp-image-85 size-full\" srcset=\"https:\/\/i0.wp.com\/paoolis.com\/wp-content\/uploads\/2021\/11\/refraccion-ocular.jpg?resize=1024%2C683&amp;ssl=1 1024w, https:\/\/i0.wp.com\/paoolis.com\/wp-content\/uploads\/2021\/11\/refraccion-ocular.jpg?resize=300%2C200&amp;ssl=1 300w, https:\/\/i0.wp.com\/paoolis.com\/wp-content\/uploads\/2021\/11\/refraccion-ocular.jpg?resize=768%2C512&amp;ssl=1 768w, https:\/\/i0.wp.com\/paoolis.com\/wp-content\/uploads\/2021\/11\/refraccion-ocular.jpg?resize=600%2C400&amp;ssl=1 600w, https:\/\/i0.wp.com\/paoolis.com\/wp-content\/uploads\/2021\/11\/refraccion-ocular.jpg?w=1254&amp;ssl=1 1254w\" sizes=\"auto, (max-width: 819px) 100vw, 819px\" data-recalc-dims=\"1\" \/><\/figure><div class=\"wp-block-media-text__content\">\n<p class=\"has-text-align-right has-large-font-size\">Servicios<\/p>\n<\/div><\/div>\n\n\n","protected":false},"excerpt":{"rendered":"<p>Nuevos productos \u00a0 Examen de la vista Servicios<\/p>\n","protected":false},"author":1,"featured_media":0,"parent":0,"menu_order":0,"comment_status":"closed","ping_status":"closed","template":"","meta":{"om_disable_all_campaigns":false,"_monsterinsights_skip_tracking":false,"_monsterinsights_sitenote_active":false,"_monsterinsights_sitenote_note":"","_monsterinsights_sitenote_category":0,"spay_email":"","footnotes":""},"class_list":["post-68","page","type-page","status-publish","hentry"],"jetpack-related-posts":[{"id":2,"url":"https:\/\/paoolis.com\/?page_id=2","url_meta":{"origin":68,"position":0},"title":"P\u00e1gina de ejemplo","date":"10 de November de 2021","format":false,"excerpt":"Esta es una p\u00e1gina de ejemplo. Es diferente a una entrada del blog porque permanecer\u00e1 en un solo lugar y aparecer\u00e1 en la navegaci\u00f3n de tu sitio (en la mayor\u00eda de los temas). La mayor\u00eda de las personas comienzan con una p\u00e1gina \u00abAcerca de\u00bb que les presenta a los visitantes\u2026","rel":"","context":"Similar post","img":{"alt_text":"","src":"","width":0,"height":0},"classes":[]}],"_links":{"self":[{"href":"https:\/\/paoolis.com\/index.php?rest_route=\/wp\/v2\/pages\/68","targetHints":{"allow":["GET"]}}],"collection":[{"href":"https:\/\/paoolis.com\/index.php?rest_route=\/wp\/v2\/pages"}],"about":[{"href":"https:\/\/paoolis.com\/index.php?rest_route=\/wp\/v2\/types\/page"}],"author":[{"embeddable":true,"href":"https:\/\/paoolis.com\/index.php?rest_route=\/wp\/v2\/users\/1"}],"replies":[{"embeddable":true,"href":"https:\/\/paoolis.com\/index.php?rest_route=%2Fwp%2Fv2%2Fcomments&post=68"}],"version-history":[{"count":3,"href":"https:\/\/paoolis.com\/index.php?rest_route=\/wp\/v2\/pages\/68\/revisions"}],"predecessor-version":[{"id":87,"href":"https:\/\/paoolis.com\/index.php?rest_route=\/wp\/v2\/pages\/68\/revisions\/87"}],"wp:attachment":[{"href":"https:\/\/paoolis.com\/index.php?rest_route=%2Fwp%2Fv2%2Fmedia&parent=68"}],"curies":[{"name":"wp","href":"https:\/\/api.w.org\/{rel}","templated":true}]}}